{"id":141,"date":"2023-02-21T11:09:36","date_gmt":"2023-02-21T10:09:36","guid":{"rendered":"http:\/\/www.labeilleduvallage.fr\/?post_type=product&#038;p=141"},"modified":"2026-04-08T02:42:52","modified_gmt":"2026-04-08T00:42:52","slug":"miel-de-tilleul-bio","status":"publish","type":"product","link":"https:\/\/www.labeilleduvallage.fr\/?product=miel-de-tilleul-bio","title":{"rendered":"Miel de Tilleul Bio"},"content":{"rendered":"<p>Le mot du jury du <strong>Salon de l&rsquo;Agriculture 2024<\/strong> :<\/p>\n<p><strong><em>\u00ab\u00a0Belle consistance et couleur, bonne longueur. Bel aspect visuel (couleur en particulier). Typicit\u00e9 pr\u00e9sente en subtilit\u00e9.\u00a0\u00bb\u00a0<\/em><\/strong><\/p>\n<p>R\u00e9colte de mi-Juin \u00e0 mi-Juillet<br \/>\nMiel <strong>puissant<\/strong>, avec une <strong>note menthol\u00e9e<\/strong> et une <strong>explosion de fleurs<\/strong> en second temps.<br \/>\nLe miel de tilleul comporte \u00e9galement des <strong>oligo-\u00e9l\u00e9ments<\/strong> comme le calcium, le mangan\u00e8se et le potassium<br \/>\nLe miel de tilleul est le plus souvent utilis\u00e9 pour combattre les\u00a0<strong>probl\u00e8mes d\u2019insomnie<\/strong>.<br \/>\nMiel jaune ambr\u00e9 clair \u00e0 tr\u00e8s clair, cristallisation moyenne au bout de quelques semaines<\/p>\n<p><img loading=\"lazy\" decoding=\"async\" class=\"aligncenter wp-image-122 size-medium\" src=\"https:\/\/www.labeilleduvallage.fr\/wp-content\/uploads\/2023\/02\/logoab_eurofeuille_biologique-1-300x169.png\" alt=\"logo Agriculture biologique France gouvernement AB miel Bio bio\" width=\"300\" height=\"169\" srcset=\"https:\/\/www.labeilleduvallage.fr\/wp-content\/uploads\/2023\/02\/logoab_eurofeuille_biologique-1-300x169.png 300w, https:\/\/www.labeilleduvallage.fr\/wp-content\/uploads\/2023\/02\/logoab_eurofeuille_biologique-1-600x337.png 600w, https:\/\/www.labeilleduvallage.fr\/wp-content\/uploads\/2023\/02\/logoab_eurofeuille_biologique-1.png 690w\" sizes=\"auto, (max-width: 300px) 100vw, 300px\" \/><\/p>\n","protected":false},"excerpt":{"rendered":"<p>Le mot du jury du Salon de l&rsquo;Agriculture 2024 : \u00ab\u00a0Belle consistance et couleur, bonne longueur. Bel aspect visuel (couleur en particulier). Typicit\u00e9 pr\u00e9sente en subtilit\u00e9.\u00a0\u00bb\u00a0 R\u00e9colte de mi-Juin \u00e0 mi-Juillet Miel puissant, avec une note menthol\u00e9e et une explosion de fleurs en second temps. Le miel de tilleul comporte \u00e9galement des oligo-\u00e9l\u00e9ments comme le calcium, le mangan\u00e8se et le potassium Le miel de tilleul est le plus souvent utilis\u00e9 pour combattre les\u00a0probl\u00e8mes d\u2019insomnie. Miel jaune ambr\u00e9 clair \u00e0 tr\u00e8s <a class=\"more-link\" href=\"https:\/\/www.labeilleduvallage.fr\/?product=miel-de-tilleul-bio\">Read More<i class=\"genericon genericon-next\"><\/i><\/a><\/p>\n","protected":false},"featured_media":361,"comment_status":"open","ping_status":"closed","template":"","meta":[],"product_brand":[],"product_cat":[22,17,18],"product_tag":[],"class_list":{"0":"post-141","1":"product","2":"type-product","3":"status-publish","4":"has-post-thumbnail","6":"product_cat-medaille-dor-au-sia-2024","7":"product_cat-miel-biologique","8":"product_cat-nos-meilleures-ventes","10":"first","11":"instock","12":"shipping-taxable","13":"purchasable","14":"product-type-variable"},"_links":{"self":[{"href":"https:\/\/www.labeilleduvallage.fr\/index.php?rest_route=\/wp\/v2\/product\/141","targetHints":{"allow":["GET"]}}],"collection":[{"href":"https:\/\/www.labeilleduvallage.fr\/index.php?rest_route=\/wp\/v2\/product"}],"about":[{"href":"https:\/\/www.labeilleduvallage.fr\/index.php?rest_route=\/wp\/v2\/types\/product"}],"replies":[{"embeddable":true,"href":"https:\/\/www.labeilleduvallage.fr\/index.php?rest_route=%2Fwp%2Fv2%2Fcomments&post=141"}],"wp:featuredmedia":[{"embeddable":true,"href":"https:\/\/www.labeilleduvallage.fr\/index.php?rest_route=\/wp\/v2\/media\/361"}],"wp:attachment":[{"href":"https:\/\/www.labeilleduvallage.fr\/index.php?rest_route=%2Fwp%2Fv2%2Fmedia&parent=141"}],"wp:term":[{"taxonomy":"product_brand","embeddable":true,"href":"https:\/\/www.labeilleduvallage.fr\/index.php?rest_route=%2Fwp%2Fv2%2Fproduct_brand&post=141"},{"taxonomy":"product_cat","embeddable":true,"href":"https:\/\/www.labeilleduvallage.fr\/index.php?rest_route=%2Fwp%2Fv2%2Fproduct_cat&post=141"},{"taxonomy":"product_tag","embeddable":true,"href":"https:\/\/www.labeilleduvallage.fr\/index.php?rest_route=%2Fwp%2Fv2%2Fproduct_tag&post=141"}],"curies":[{"name":"wp","href":"https:\/\/api.w.org\/{rel}","templated":true}]}}