{"id":155,"date":"2023-02-21T11:28:34","date_gmt":"2023-02-21T10:28:34","guid":{"rendered":"http:\/\/www.labeilleduvallage.fr\/?post_type=product&#038;p=155"},"modified":"2026-04-07T07:28:43","modified_gmt":"2026-04-07T05:28:43","slug":"miel-de-pritemps-bio","status":"publish","type":"product","link":"https:\/\/www.labeilleduvallage.fr\/?product=miel-de-pritemps-bio","title":{"rendered":"Miel de Pritemps Bio"},"content":{"rendered":"<p><img loading=\"lazy\" decoding=\"async\" class=\"alignright wp-image-122\" src=\"https:\/\/www.labeilleduvallage.fr\/wp-content\/uploads\/2023\/02\/logoab_eurofeuille_biologique-1-300x169.png\" alt=\"logo Agriculture biologique France gouvernement AB miel Bio bio\" width=\"150\" height=\"84\" srcset=\"https:\/\/www.labeilleduvallage.fr\/wp-content\/uploads\/2023\/02\/logoab_eurofeuille_biologique-1-300x169.png 300w, https:\/\/www.labeilleduvallage.fr\/wp-content\/uploads\/2023\/02\/logoab_eurofeuille_biologique-1-600x337.png 600w, https:\/\/www.labeilleduvallage.fr\/wp-content\/uploads\/2023\/02\/logoab_eurofeuille_biologique-1.png 690w\" sizes=\"auto, (max-width: 150px) 100vw, 150px\" \/><\/p>\n<p>R\u00e9colte en Mai<br \/>\nMiel polyfloral aux <strong>notes fruit\u00e9es<\/strong>, compos\u00e9 principalement d\u2019<strong>aub\u00e9pine de pissenlit<\/strong>.<br \/>\nId\u00e9al pour sucrer votre <strong>th\u00e9<\/strong> ou <strong>caf\u00e9<\/strong> sans le d\u00e9naturer<br \/>\nSa couleur ivoire offre une jolie teinte, sa cristallisation fine et tr\u00e8s rapide donne une texture cr\u00e9meuse <strong>facile \u00e0 tartiner, les enfants en raffolent<\/strong>.<\/p>\n","protected":false},"excerpt":{"rendered":"<p>R\u00e9colte en Mai Miel polyfloral aux notes fruit\u00e9es, compos\u00e9 principalement d\u2019aub\u00e9pine de pissenlit. Id\u00e9al pour sucrer votre th\u00e9 ou caf\u00e9 sans le d\u00e9naturer Sa couleur ivoire offre une jolie teinte, sa cristallisation fine et tr\u00e8s rapide donne une texture cr\u00e9meuse facile \u00e0 tartiner, les enfants en raffolent.<\/p>\n","protected":false},"featured_media":182,"comment_status":"open","ping_status":"closed","template":"","meta":[],"product_brand":[],"product_cat":[17,18],"product_tag":[],"class_list":{"0":"post-155","1":"product","2":"type-product","3":"status-publish","4":"has-post-thumbnail","6":"product_cat-miel-biologique","7":"product_cat-nos-meilleures-ventes","9":"first","10":"instock","11":"shipping-taxable","12":"purchasable","13":"product-type-variable"},"_links":{"self":[{"href":"https:\/\/www.labeilleduvallage.fr\/index.php?rest_route=\/wp\/v2\/product\/155","targetHints":{"allow":["GET"]}}],"collection":[{"href":"https:\/\/www.labeilleduvallage.fr\/index.php?rest_route=\/wp\/v2\/product"}],"about":[{"href":"https:\/\/www.labeilleduvallage.fr\/index.php?rest_route=\/wp\/v2\/types\/product"}],"replies":[{"embeddable":true,"href":"https:\/\/www.labeilleduvallage.fr\/index.php?rest_route=%2Fwp%2Fv2%2Fcomments&post=155"}],"wp:featuredmedia":[{"embeddable":true,"href":"https:\/\/www.labeilleduvallage.fr\/index.php?rest_route=\/wp\/v2\/media\/182"}],"wp:attachment":[{"href":"https:\/\/www.labeilleduvallage.fr\/index.php?rest_route=%2Fwp%2Fv2%2Fmedia&parent=155"}],"wp:term":[{"taxonomy":"product_brand","embeddable":true,"href":"https:\/\/www.labeilleduvallage.fr\/index.php?rest_route=%2Fwp%2Fv2%2Fproduct_brand&post=155"},{"taxonomy":"product_cat","embeddable":true,"href":"https:\/\/www.labeilleduvallage.fr\/index.php?rest_route=%2Fwp%2Fv2%2Fproduct_cat&post=155"},{"taxonomy":"product_tag","embeddable":true,"href":"https:\/\/www.labeilleduvallage.fr\/index.php?rest_route=%2Fwp%2Fv2%2Fproduct_tag&post=155"}],"curies":[{"name":"wp","href":"https:\/\/api.w.org\/{rel}","templated":true}]}}